{"id":1581,"date":"2022-02-22T11:27:05","date_gmt":"2022-02-22T10:27:05","guid":{"rendered":"https:\/\/beloofdeland.nl\/unterkuenfte\/jippi-tippi\/"},"modified":"2024-02-01T12:34:45","modified_gmt":"2024-02-01T11:34:45","slug":"jippi-tippi","status":"publish","type":"page","link":"https:\/\/beloofdeland.nl\/de\/unterkuenfte\/jippi-tippi\/","title":{"rendered":"Jippi Tippi"},"content":{"rendered":"\n<figure class=\"wp-block-gallery has-nested-images columns-4 is-cropped wp-block-gallery-1 is-layout-flex wp-block-gallery-is-layout-flex\">\n<figure class=\"wp-block-image size-large\"><a href=\"https:\/\/beloofdeland.nl\/wp-content\/uploads\/2022\/03\/rcreations-2851-copy1.jpg\"><img fetchpriority=\"high\" decoding=\"async\" width=\"1024\" height=\"683\" data-id=\"893\" src=\"https:\/\/beloofdeland.nl\/wp-content\/uploads\/2022\/03\/rcreations-2851-copy1.jpg\" alt=\"\" class=\"wp-image-893\" srcset=\"https:\/\/beloofdeland.nl\/wp-content\/uploads\/2022\/03\/rcreations-2851-copy1.jpg 1024w, https:\/\/beloofdeland.nl\/wp-content\/uploads\/2022\/03\/rcreations-2851-copy1-300x200.jpg 300w, https:\/\/beloofdeland.nl\/wp-content\/uploads\/2022\/03\/rcreations-2851-copy1-768x512.jpg 768w\" sizes=\"(max-width: 1024px) 100vw, 1024px\" \/><\/a><figcaption class=\"wp-element-caption\">Jippi Tippi ingerichte tent in Voorthuizen<\/figcaption><\/figure>\n\n\n\n<figure class=\"wp-block-image size-large\"><a href=\"https:\/\/beloofdeland.nl\/wp-content\/uploads\/2022\/03\/rcreations-2857-copy1.jpg\"><img decoding=\"async\" width=\"1024\" height=\"683\" data-id=\"900\" src=\"https:\/\/beloofdeland.nl\/wp-content\/uploads\/2022\/03\/rcreations-2857-copy1.jpg\" alt=\"\" class=\"wp-image-900\" srcset=\"https:\/\/beloofdeland.nl\/wp-content\/uploads\/2022\/03\/rcreations-2857-copy1.jpg 1024w, https:\/\/beloofdeland.nl\/wp-content\/uploads\/2022\/03\/rcreations-2857-copy1-300x200.jpg 300w, https:\/\/beloofdeland.nl\/wp-content\/uploads\/2022\/03\/rcreations-2857-copy1-768x512.jpg 768w\" sizes=\"(max-width: 1024px) 100vw, 1024px\" \/><\/a><figcaption class=\"wp-element-caption\">Jippi Tippi camping Beloofde Land<\/figcaption><\/figure>\n\n\n\n<figure class=\"wp-block-image size-large\"><a href=\"https:\/\/beloofdeland.nl\/wp-content\/uploads\/2022\/03\/rcreations-2833-copy1.jpg\"><img decoding=\"async\" width=\"1024\" height=\"683\" data-id=\"901\" src=\"https:\/\/beloofdeland.nl\/wp-content\/uploads\/2022\/03\/rcreations-2833-copy1.jpg\" alt=\"\" class=\"wp-image-901\" srcset=\"https:\/\/beloofdeland.nl\/wp-content\/uploads\/2022\/03\/rcreations-2833-copy1.jpg 1024w, https:\/\/beloofdeland.nl\/wp-content\/uploads\/2022\/03\/rcreations-2833-copy1-300x200.jpg 300w, https:\/\/beloofdeland.nl\/wp-content\/uploads\/2022\/03\/rcreations-2833-copy1-768x512.jpg 768w\" sizes=\"(max-width: 1024px) 100vw, 1024px\" \/><\/a><figcaption class=\"wp-element-caption\">Woonkamer Jippi Tippi<\/figcaption><\/figure>\n\n\n\n<figure class=\"wp-block-image size-large\"><a href=\"https:\/\/beloofdeland.nl\/wp-content\/uploads\/2022\/03\/rcreations-2987-copy1.jpg\"><img loading=\"lazy\" decoding=\"async\" width=\"1024\" height=\"683\" data-id=\"902\" src=\"https:\/\/beloofdeland.nl\/wp-content\/uploads\/2022\/03\/rcreations-2987-copy1.jpg\" alt=\"\" class=\"wp-image-902\" srcset=\"https:\/\/beloofdeland.nl\/wp-content\/uploads\/2022\/03\/rcreations-2987-copy1.jpg 1024w, https:\/\/beloofdeland.nl\/wp-content\/uploads\/2022\/03\/rcreations-2987-copy1-300x200.jpg 300w, https:\/\/beloofdeland.nl\/wp-content\/uploads\/2022\/03\/rcreations-2987-copy1-768x512.jpg 768w\" sizes=\"(max-width: 1024px) 100vw, 1024px\" \/><\/a><figcaption class=\"wp-element-caption\">Camping Beloofde Land vrolijke foto vader en kind\n<\/figcaption><\/figure>\n\n\n\n<figure class=\"wp-block-image size-large\"><a href=\"https:\/\/beloofdeland.nl\/wp-content\/uploads\/2022\/03\/rcreations-3372-copy1.jpg\"><img loading=\"lazy\" decoding=\"async\" width=\"1024\" height=\"683\" data-id=\"903\" src=\"https:\/\/beloofdeland.nl\/wp-content\/uploads\/2022\/03\/rcreations-3372-copy1.jpg\" alt=\"\" class=\"wp-image-903\" srcset=\"https:\/\/beloofdeland.nl\/wp-content\/uploads\/2022\/03\/rcreations-3372-copy1.jpg 1024w, https:\/\/beloofdeland.nl\/wp-content\/uploads\/2022\/03\/rcreations-3372-copy1-300x200.jpg 300w, https:\/\/beloofdeland.nl\/wp-content\/uploads\/2022\/03\/rcreations-3372-copy1-768x512.jpg 768w\" sizes=\"(max-width: 1024px) 100vw, 1024px\" \/><\/a><figcaption class=\"wp-element-caption\">Binnenkijken bij de Jippi Tippi op de Veluwe\n<\/figcaption><\/figure>\n\n\n\n<figure class=\"wp-block-image size-large\"><a href=\"https:\/\/beloofdeland.nl\/wp-content\/uploads\/2022\/03\/beloofdeland-4402-copy1.jpg\"><img loading=\"lazy\" decoding=\"async\" width=\"1024\" height=\"683\" data-id=\"904\" src=\"https:\/\/beloofdeland.nl\/wp-content\/uploads\/2022\/03\/beloofdeland-4402-copy1.jpg\" alt=\"\" class=\"wp-image-904\" srcset=\"https:\/\/beloofdeland.nl\/wp-content\/uploads\/2022\/03\/beloofdeland-4402-copy1.jpg 1024w, https:\/\/beloofdeland.nl\/wp-content\/uploads\/2022\/03\/beloofdeland-4402-copy1-300x200.jpg 300w, https:\/\/beloofdeland.nl\/wp-content\/uploads\/2022\/03\/beloofdeland-4402-copy1-768x512.jpg 768w\" sizes=\"(max-width: 1024px) 100vw, 1024px\" \/><\/a><\/figure>\n\n\n\n<figure class=\"wp-block-image size-large\"><a href=\"https:\/\/beloofdeland.nl\/wp-content\/uploads\/2022\/03\/beloofdeland-4385-copy1.jpg\"><img loading=\"lazy\" decoding=\"async\" width=\"1024\" height=\"683\" data-id=\"905\" src=\"https:\/\/beloofdeland.nl\/wp-content\/uploads\/2022\/03\/beloofdeland-4385-copy1.jpg\" alt=\"\" class=\"wp-image-905\" srcset=\"https:\/\/beloofdeland.nl\/wp-content\/uploads\/2022\/03\/beloofdeland-4385-copy1.jpg 1024w, https:\/\/beloofdeland.nl\/wp-content\/uploads\/2022\/03\/beloofdeland-4385-copy1-300x200.jpg 300w, https:\/\/beloofdeland.nl\/wp-content\/uploads\/2022\/03\/beloofdeland-4385-copy1-768x512.jpg 768w\" sizes=\"(max-width: 1024px) 100vw, 1024px\" \/><\/a><\/figure>\n<\/figure>\n\n\n\n<p>Urlaub machen und mit den sch\u00f6nsten Indianergeschichten nach Hause kommen!<\/p>\n\n\n\n<p><strong>\u201eTipisch\u201c ein Beispiel eines einzigartigen Urlaubs!<\/strong><\/p>\n\n\n\n<p>Urlaub in einem Jippi Tippi machen, in so einem auff\u00e4lligen Indianerzelt? Das ist auf dem Campingplatz Beloofde Land m\u00f6glich! Diese ger\u00e4umigen Zelte haben einen Durchmesser von sage und schreibe 7 Metern, einen Holzboden und sind komplett eingerichtet. Bitte beachten: Das hier ist echtes Camping, aber die einfache K\u00fcche hat flie\u00dfendes Wasser, einen 2-Platten-Gasherd und einen K\u00fchlschrank. Beleuchtung und Heizung sind auch noch vorhanden! Ein Tippi ist f\u00fcr vier Personen (1 x Doppelmatratze, 2 x einzelne Matratzen auf Lattenrost) ausgelegt Beim Zelt steht ein Picknicktisch zum gemeinsamen Essen oder Spielen. Unser Sanit\u00e4rgeb\u00e4ude ist in der N\u00e4he. Klicken Sie <a href=\"https:\/\/beloofdeland.nl\/wp-content\/uploads\/2024\/02\/Dui.-Inventarislijst-Tipi-1.pdf\" target=\"_blank\" data-type=\"link\" data-id=\"https:\/\/beloofdeland.nl\/wp-content\/uploads\/2024\/02\/Dui.-Inventarislijst-Tipi-1.pdf\" rel=\"noreferrer noopener\">hier<\/a>, um die Inventarliste zu sehen.      <\/p>\n\n\n\n<p><strong><em>Gut zu wissen:<\/em><\/strong> Handt\u00fccher und Bettw\u00e4sche sind mitzubringen oder k\u00f6nnen an der Rezeption gemietet werden. Haustiere und Rauchen sind nicht erlaubt! Oh, diese Tippis stehen \u00fcbrigens auch noch in der N\u00e4he des Sanit\u00e4rgeb\u00e4udes. Bonus!   <\/p>\n\n\n<noscript><p>You need to enable javascript to see this content.<\/p><\/noscript>\n<div class=\"recranet-element-holder\" lang=\"de\"><recranet-accommodations class=\"recranet-element\" baseUrl=\"\/de\/suchen-buchen\/\" layoutType=\"cards\"><\/recranet-accommodations><\/div><script type=\"text\/javascript\">window.recranetConfig = {\n    \"organization\": \"1026\",\n    \"locale\": \"de\",\n    \"currency\": \"EUR\",\n    \"googleApiKey\": \"\"\n}<\/script>\n<script src=\"https:\/\/static.recranet.com\/elements\/de\/sdk.js?1778621400\" async><\/script>\n\n\n","protected":false},"excerpt":{"rendered":"<p>Urlaub machen und mit den sch\u00f6nsten Indianergeschichten nach Hause kommen! \u201eTipisch\u201c ein Beispiel eines einzigartigen Urlaubs! Urlaub in einem Jippi Tippi machen, in so einem auff\u00e4lligen Indianerzelt? Das ist auf dem Campingplatz Beloofde Land m\u00f6glich! Diese ger\u00e4umigen Zelte haben einen Durchmesser von sage und schreibe 7 Metern, einen Holzboden und sind komplett eingerichtet. Bitte beachten: [&hellip;]<\/p>\n","protected":false},"author":1,"featured_media":0,"parent":1562,"menu_order":21,"comment_status":"closed","ping_status":"closed","template":"","meta":{"_acf_changed":false,"footnotes":""},"class_list":["post-1581","page","type-page","status-publish","hentry"],"acf":[],"_links":{"self":[{"href":"https:\/\/beloofdeland.nl\/de\/wp-json\/wp\/v2\/pages\/1581","targetHints":{"allow":["GET"]}}],"collection":[{"href":"https:\/\/beloofdeland.nl\/de\/wp-json\/wp\/v2\/pages"}],"about":[{"href":"https:\/\/beloofdeland.nl\/de\/wp-json\/wp\/v2\/types\/page"}],"author":[{"embeddable":true,"href":"https:\/\/beloofdeland.nl\/de\/wp-json\/wp\/v2\/users\/1"}],"replies":[{"embeddable":true,"href":"https:\/\/beloofdeland.nl\/de\/wp-json\/wp\/v2\/comments?post=1581"}],"version-history":[{"count":2,"href":"https:\/\/beloofdeland.nl\/de\/wp-json\/wp\/v2\/pages\/1581\/revisions"}],"predecessor-version":[{"id":3810,"href":"https:\/\/beloofdeland.nl\/de\/wp-json\/wp\/v2\/pages\/1581\/revisions\/3810"}],"up":[{"embeddable":true,"href":"https:\/\/beloofdeland.nl\/de\/wp-json\/wp\/v2\/pages\/1562"}],"wp:attachment":[{"href":"https:\/\/beloofdeland.nl\/de\/wp-json\/wp\/v2\/media?parent=1581"}],"curies":[{"name":"wp","href":"https:\/\/api.w.org\/{rel}","templated":true}]}}